{"id":2,"date":"2009-09-07T16:28:24","date_gmt":"2009-09-07T22:28:24","guid":{"rendered":"http:\/\/chocolatessolnaciente.com\/?page_id=2"},"modified":"2009-10-04T12:54:12","modified_gmt":"2009-10-04T18:54:12","slug":"informacion","status":"publish","type":"page","link":"https:\/\/chocolatessolnaciente.com\/?page_id=2","title":{"rendered":"Quienes Somos"},"content":{"rendered":"<p><strong>FABRICA DE CHOCOLATES  \u201cSOL NACIENTE\u201d<\/strong><br \/>\nEs una empresa que inicia sus actividades productivas el 23 de noviembre de 1997, con el Objetivo de obtener <strong>Pasta Pura de Cacao al estado natural sin ingredientes ni saborizantes,<\/strong> a partir del Cacao especialmente de la variedad Chuncho Nativo, y algunas variedades h\u00edbridos de la Regi\u00f3n Cusco y propiciar a los agricultores de la amazonia un producto alternativo de desarrollo socioecon\u00f3mico.<br \/>\nPara obtener, Pasta Pura de Cacao aplicamos las BPM\u2019s propiciando la CALIDAD TOTAL, tenemos en cuatro presentaciones: 100, 250, 400 y 500 gramos, 100% puro cacao, por lo cual fuimos distinguidos como Empresa Peruana del A\u00f1o, los a\u00f1os 2005, 2007, y 2008. Contamos con la legalidad empresarial, as\u00ed como Registro Sanitario, Registro de Marca, C\u00f3digo de Barras en cada una de nuestras presentaciones para su comercializaci\u00f3n.<br \/>\nNuestro Producto es tratado la acidez y el alcaloide, contiene minerales, prote\u00ednas fibras, grasa natural del cacao a fin de que sea altamente digestivo, energetizante<br \/>\ny vigorizante para mantenerse siempre joven por muchos a\u00f1os de vida.<\/p>\n","protected":false},"excerpt":{"rendered":"<p>FABRICA DE CHOCOLATES \u201cSOL NACIENTE\u201d Es una empresa que inicia sus actividades productivas el 23 de noviembre de 1997, con el Objetivo de obtener Pasta Pura de Cacao al estado natural sin ingredientes ni saborizantes, a partir del Cacao especialmente de la variedad Chuncho Nativo, y algunas variedades h\u00edbridos de la Regi\u00f3n Cusco y propiciar [&hellip;]<\/p>\n","protected":false},"author":1,"featured_media":0,"parent":0,"menu_order":0,"comment_status":"open","ping_status":"open","template":"","meta":[],"_links":{"self":[{"href":"https:\/\/chocolatessolnaciente.com\/index.php?rest_route=\/wp\/v2\/pages\/2"}],"collection":[{"href":"https:\/\/chocolatessolnaciente.com\/index.php?rest_route=\/wp\/v2\/pages"}],"about":[{"href":"https:\/\/chocolatessolnaciente.com\/index.php?rest_route=\/wp\/v2\/types\/page"}],"author":[{"embeddable":true,"href":"https:\/\/chocolatessolnaciente.com\/index.php?rest_route=\/wp\/v2\/users\/1"}],"replies":[{"embeddable":true,"href":"https:\/\/chocolatessolnaciente.com\/index.php?rest_route=%2Fwp%2Fv2%2Fcomments&post=2"}],"version-history":[{"count":3,"href":"https:\/\/chocolatessolnaciente.com\/index.php?rest_route=\/wp\/v2\/pages\/2\/revisions"}],"predecessor-version":[{"id":3,"href":"https:\/\/chocolatessolnaciente.com\/index.php?rest_route=\/wp\/v2\/pages\/2\/revisions\/3"}],"wp:attachment":[{"href":"https:\/\/chocolatessolnaciente.com\/index.php?rest_route=%2Fwp%2Fv2%2Fmedia&parent=2"}],"curies":[{"name":"wp","href":"https:\/\/api.w.org\/{rel}","templated":true}]}}